{"id":62,"date":"2026-02-03T06:37:10","date_gmt":"2026-02-03T06:37:10","guid":{"rendered":"https:\/\/gemeinschaft-aurich.de\/willkommen\/anfahrt\/"},"modified":"2026-02-03T06:37:10","modified_gmt":"2026-02-03T06:37:10","slug":"anfahrt","status":"publish","type":"page","link":"https:\/\/gemeinschaft-aurich.de\/willkommen\/anfahrt\/","title":{"rendered":"Anfahrt"},"content":{"rendered":"<h2 style=\"color:#2c5f2d; text-align:center;\">Anfahrt<\/h2>\n<div style=\"background:#f8f5f0; padding:25px; border-radius:8px; margin:20px 0; text-align:center;\">\n<h3 style=\"color:#2c5f2d;\">Evangelische Gemeinschaft und EC Aurich<\/h3>\n<p style=\"font-size:1.2em;\">Zingelstra\u00dfe 13<br \/>26603 Aurich<\/p>\n<\/div>\n<div style=\"margin:20px 0;\"><iframe src=\"https:\/\/www.google.com\/maps\/embed?pb=!1m18!1m12!1m3!1d2376.5!2d7.4818!3d53.4714!2m3!1f0!2f0!3f0!3m2!1i1024!2i768!4f13.1!3m3!1m2!1s0x47b689bf4a5b8e4d%3A0x4c0e3e3bda7d7e0!2sZingelstra%C3%9Fe+13%2C+26603+Aurich!5e0!3m2!1sde!2sde!4v1700000000000!5m2!1sde!2sde\" width=\"100%\" height=\"400\" style=\"border:0; border-radius:8px;\" allowfullscreen=\"\" loading=\"lazy\" referrerpolicy=\"no-referrer-when-downgrade\"><\/iframe><\/div>\n<div style=\"background:#e8f0e8; padding:25px; border-radius:8px; margin:20px 0;\">\n<h3 style=\"color:#2c5f2d;\">So finden Sie uns<\/h3>\n<h4>Mit dem Auto<\/h4>\n<p>Die Zingelstra\u00dfe befindet sich in der Innenstadt von Aurich. Parkm\u00f6glichkeiten finden Sie in den umliegenden Stra\u00dfen sowie auf den \u00f6ffentlichen Parkpl\u00e4tzen in der N\u00e4he.<\/p>\n<h4>Mit dem Bus<\/h4>\n<p>Die n\u00e4chste Bushaltestelle befindet sich in unmittelbarer N\u00e4he. Die Innenstadt von Aurich ist gut an das \u00f6ffentliche Nahverkehrsnetz angebunden.<\/p>\n<h4>Zu Fu\u00df \/ Mit dem Fahrrad<\/h4>\n<p>Unser Gemeinschaftshaus liegt zentral in der Auricher Innenstadt und ist gut zu Fu\u00df oder mit dem Fahrrad erreichbar.<\/p>\n<\/div>\n","protected":false},"excerpt":{"rendered":"<p>Anfahrt Evangelische Gemeinschaft und EC Aurich Zingelstra\u00dfe 1326603 Aurich So finden Sie uns Mit dem Auto Die Zingelstra\u00dfe befindet sich in der Innenstadt von Aurich. Parkm\u00f6glichkeiten finden Sie in den [&hellip;]<\/p>\n","protected":false},"author":1,"featured_media":0,"parent":0,"menu_order":0,"comment_status":"closed","ping_status":"closed","template":"","meta":{"footnotes":""},"class_list":["post-62","page","type-page","status-publish","czr-hentry"],"_links":{"self":[{"href":"https:\/\/gemeinschaft-aurich.de\/willkommen\/wp-json\/wp\/v2\/pages\/62","targetHints":{"allow":["GET"]}}],"collection":[{"href":"https:\/\/gemeinschaft-aurich.de\/willkommen\/wp-json\/wp\/v2\/pages"}],"about":[{"href":"https:\/\/gemeinschaft-aurich.de\/willkommen\/wp-json\/wp\/v2\/types\/page"}],"author":[{"embeddable":true,"href":"https:\/\/gemeinschaft-aurich.de\/willkommen\/wp-json\/wp\/v2\/users\/1"}],"replies":[{"embeddable":true,"href":"https:\/\/gemeinschaft-aurich.de\/willkommen\/wp-json\/wp\/v2\/comments?post=62"}],"version-history":[{"count":0,"href":"https:\/\/gemeinschaft-aurich.de\/willkommen\/wp-json\/wp\/v2\/pages\/62\/revisions"}],"wp:attachment":[{"href":"https:\/\/gemeinschaft-aurich.de\/willkommen\/wp-json\/wp\/v2\/media?parent=62"}],"curies":[{"name":"wp","href":"https:\/\/api.w.org\/{rel}","templated":true}]}}